{"id":1671,"date":"2020-12-31T01:41:14","date_gmt":"2020-12-31T01:41:14","guid":{"rendered":"https:\/\/bebebadu.mx\/?post_type=product&#038;p=1671"},"modified":"2020-12-31T02:05:27","modified_gmt":"2020-12-31T02:05:27","slug":"camisas-nino","status":"publish","type":"product","link":"https:\/\/bebebadu.mx\/index.php\/producto\/camisas-nino\/","title":{"rendered":"Camisas Ni\u00f1o"},"content":{"rendered":"","protected":false},"excerpt":{"rendered":"<ul>\n<li>Camisa para Ni\u00f1o confeccionada en las telas: 100% Rayon, Popelina (97% algod\u00f3n 3% spandex), Algod\u00f3n 100%, Venecia (95% algod\u00f3n 5% Elastano).<\/li>\n<li>Colores a elegir: Aves Blanca, Pi\u00f1as blanca, Pi\u00f1as azul, Dinosaurio Azul, Dinosaurio Blanco, Sandia Blanca, Tai-Dye Azul, Tai-Dye Rosa, Tai-Dye Morada, Tai-Dye Roja.<\/li>\n<li>Talla a elegir: X-CH , CH, MED, GDE, X GDE.<\/li>\n<\/ul>\n","protected":false},"featured_media":1677,"comment_status":"open","ping_status":"closed","template":"","meta":{"spay_email":""},"_links":{"self":[{"href":"https:\/\/bebebadu.mx\/index.php\/wp-json\/wp\/v2\/product\/1671"}],"collection":[{"href":"https:\/\/bebebadu.mx\/index.php\/wp-json\/wp\/v2\/product"}],"about":[{"href":"https:\/\/bebebadu.mx\/index.php\/wp-json\/wp\/v2\/types\/product"}],"replies":[{"embeddable":true,"href":"https:\/\/bebebadu.mx\/index.php\/wp-json\/wp\/v2\/comments?post=1671"}],"wp:featuredmedia":[{"embeddable":true,"href":"https:\/\/bebebadu.mx\/index.php\/wp-json\/wp\/v2\/media\/1677"}],"wp:attachment":[{"href":"https:\/\/bebebadu.mx\/index.php\/wp-json\/wp\/v2\/media?parent=1671"}],"curies":[{"name":"wp","href":"https:\/\/api.w.org\/{rel}","templated":true}]}}