{"id":1605,"date":"2020-12-30T21:48:52","date_gmt":"2020-12-30T21:48:52","guid":{"rendered":"https:\/\/bebebadu.mx\/?post_type=product&#038;p=1605"},"modified":"2020-12-30T21:49:52","modified_gmt":"2020-12-30T21:49:52","slug":"set-4-pz-cool-baby-nino","status":"publish","type":"product","link":"https:\/\/bebebadu.mx\/index.php\/producto\/set-4-pz-cool-baby-nino\/","title":{"rendered":"Set 4 pz Cool baby Ni\u00f1o"},"content":{"rendered":"","protected":false},"excerpt":{"rendered":"<p>El set incluye:<\/p>\n<ul>\n<li>Pa\u00f1alero Cruzado<\/li>\n<li>Camiseta Cruzada<\/li>\n<li>Pantal\u00f3n<\/li>\n<li>Babero y Sonaja<\/li>\n<li>Composici\u00f3n: 60% algod\u00f3n 40% Poli\u00e9ster<\/li>\n<li>Talla: Unitalla<\/li>\n<\/ul>\n","protected":false},"featured_media":1603,"comment_status":"open","ping_status":"closed","template":"","meta":{"spay_email":""},"_links":{"self":[{"href":"https:\/\/bebebadu.mx\/index.php\/wp-json\/wp\/v2\/product\/1605"}],"collection":[{"href":"https:\/\/bebebadu.mx\/index.php\/wp-json\/wp\/v2\/product"}],"about":[{"href":"https:\/\/bebebadu.mx\/index.php\/wp-json\/wp\/v2\/types\/product"}],"replies":[{"embeddable":true,"href":"https:\/\/bebebadu.mx\/index.php\/wp-json\/wp\/v2\/comments?post=1605"}],"wp:featuredmedia":[{"embeddable":true,"href":"https:\/\/bebebadu.mx\/index.php\/wp-json\/wp\/v2\/media\/1603"}],"wp:attachment":[{"href":"https:\/\/bebebadu.mx\/index.php\/wp-json\/wp\/v2\/media?parent=1605"}],"curies":[{"name":"wp","href":"https:\/\/api.w.org\/{rel}","templated":true}]}}