{"id":1598,"date":"2020-12-30T21:40:11","date_gmt":"2020-12-30T21:40:11","guid":{"rendered":"https:\/\/bebebadu.mx\/?post_type=product&#038;p=1598"},"modified":"2020-12-30T21:40:11","modified_gmt":"2020-12-30T21:40:11","slug":"set-cruzada-cool-baby-nina","status":"publish","type":"product","link":"https:\/\/bebebadu.mx\/index.php\/producto\/set-cruzada-cool-baby-nina\/","title":{"rendered":"Set Cruzada Cool baby Ni\u00f1a"},"content":{"rendered":"","protected":false},"excerpt":{"rendered":"<p>El set incluye:<\/p>\n<ul>\n<li>Camiseta Cruzada<\/li>\n<li>Pantal\u00f3n<\/li>\n<li>Bonete<\/li>\n<li>Babero y Manoplas<\/li>\n<li>Composici\u00f3n: 60% algod\u00f3n 40% Poli\u00e9ster.<\/li>\n<li>Talla: Unitalla<\/li>\n<\/ul>\n","protected":false},"featured_media":1599,"comment_status":"open","ping_status":"closed","template":"","meta":{"spay_email":""},"_links":{"self":[{"href":"https:\/\/bebebadu.mx\/index.php\/wp-json\/wp\/v2\/product\/1598"}],"collection":[{"href":"https:\/\/bebebadu.mx\/index.php\/wp-json\/wp\/v2\/product"}],"about":[{"href":"https:\/\/bebebadu.mx\/index.php\/wp-json\/wp\/v2\/types\/product"}],"replies":[{"embeddable":true,"href":"https:\/\/bebebadu.mx\/index.php\/wp-json\/wp\/v2\/comments?post=1598"}],"wp:featuredmedia":[{"embeddable":true,"href":"https:\/\/bebebadu.mx\/index.php\/wp-json\/wp\/v2\/media\/1599"}],"wp:attachment":[{"href":"https:\/\/bebebadu.mx\/index.php\/wp-json\/wp\/v2\/media?parent=1598"}],"curies":[{"name":"wp","href":"https:\/\/api.w.org\/{rel}","templated":true}]}}