{"id":1588,"date":"2020-12-30T21:09:54","date_gmt":"2020-12-30T21:09:54","guid":{"rendered":"https:\/\/bebebadu.mx\/?post_type=product&#038;p=1588"},"modified":"2020-12-30T21:11:21","modified_gmt":"2020-12-30T21:11:21","slug":"set-panalero-cool-baby","status":"publish","type":"product","link":"https:\/\/bebebadu.mx\/index.php\/producto\/set-panalero-cool-baby\/","title":{"rendered":"Set Pa\u00f1alero Cool baby"},"content":{"rendered":"","protected":false},"excerpt":{"rendered":"<p>El set incluye:<\/p>\n<ul>\n<li>Pa\u00f1alero Cruzado<\/li>\n<li>Pantal\u00f3n<\/li>\n<li>Bonete y Manoplas.<\/li>\n<li>Composici\u00f3n: 60% algod\u00f3n 40% Poli\u00e9ster.<\/li>\n<li>Talla a elegir: 3, 6, 12 m<\/li>\n<\/ul>\n","protected":false},"featured_media":1589,"comment_status":"open","ping_status":"closed","template":"","meta":{"spay_email":""},"_links":{"self":[{"href":"https:\/\/bebebadu.mx\/index.php\/wp-json\/wp\/v2\/product\/1588"}],"collection":[{"href":"https:\/\/bebebadu.mx\/index.php\/wp-json\/wp\/v2\/product"}],"about":[{"href":"https:\/\/bebebadu.mx\/index.php\/wp-json\/wp\/v2\/types\/product"}],"replies":[{"embeddable":true,"href":"https:\/\/bebebadu.mx\/index.php\/wp-json\/wp\/v2\/comments?post=1588"}],"wp:featuredmedia":[{"embeddable":true,"href":"https:\/\/bebebadu.mx\/index.php\/wp-json\/wp\/v2\/media\/1589"}],"wp:attachment":[{"href":"https:\/\/bebebadu.mx\/index.php\/wp-json\/wp\/v2\/media?parent=1588"}],"curies":[{"name":"wp","href":"https:\/\/api.w.org\/{rel}","templated":true}]}}