{"id":1571,"date":"2020-12-30T20:49:06","date_gmt":"2020-12-30T20:49:06","guid":{"rendered":"https:\/\/bebebadu.mx\/?post_type=product&#038;p=1571"},"modified":"2020-12-30T20:52:52","modified_gmt":"2020-12-30T20:52:52","slug":"calzon-entrenador","status":"publish","type":"product","link":"https:\/\/bebebadu.mx\/index.php\/producto\/calzon-entrenador\/","title":{"rendered":"Calz\u00f3n Entrenador"},"content":{"rendered":"","protected":false},"excerpt":{"rendered":"<ul>\n<li>Composici\u00f3n: 70% algod\u00f3n 30% poli\u00e9ster.<\/li>\n<li>Forro interno toalla y colch\u00f3n absorbente.<\/li>\n<li>Color a elegir: Verde, Beige, Azul, Rosa, Amarillo.<\/li>\n<\/ul>\n","protected":false},"featured_media":1575,"comment_status":"open","ping_status":"closed","template":"","meta":{"spay_email":""},"_links":{"self":[{"href":"https:\/\/bebebadu.mx\/index.php\/wp-json\/wp\/v2\/product\/1571"}],"collection":[{"href":"https:\/\/bebebadu.mx\/index.php\/wp-json\/wp\/v2\/product"}],"about":[{"href":"https:\/\/bebebadu.mx\/index.php\/wp-json\/wp\/v2\/types\/product"}],"replies":[{"embeddable":true,"href":"https:\/\/bebebadu.mx\/index.php\/wp-json\/wp\/v2\/comments?post=1571"}],"wp:featuredmedia":[{"embeddable":true,"href":"https:\/\/bebebadu.mx\/index.php\/wp-json\/wp\/v2\/media\/1575"}],"wp:attachment":[{"href":"https:\/\/bebebadu.mx\/index.php\/wp-json\/wp\/v2\/media?parent=1571"}],"curies":[{"name":"wp","href":"https:\/\/api.w.org\/{rel}","templated":true}]}}