{"id":1564,"date":"2020-12-30T20:36:10","date_gmt":"2020-12-30T20:36:10","guid":{"rendered":"https:\/\/bebebadu.mx\/?post_type=product&#038;p=1564"},"modified":"2020-12-30T20:36:10","modified_gmt":"2020-12-30T20:36:10","slug":"sabana-de-algodon-estampada","status":"publish","type":"product","link":"https:\/\/bebebadu.mx\/index.php\/producto\/sabana-de-algodon-estampada\/","title":{"rendered":"S\u00e1bana de algod\u00f3n estampada"},"content":{"rendered":"","protected":false},"excerpt":{"rendered":"<ul>\n<li>S\u00e1bana para envolver<\/li>\n<li>Composici\u00f3n: 60% algod\u00f3n 40% poli\u00e9ster.<\/li>\n<li>Color a elegir: Rosa, Azul, Amarillo y Verde.<\/li>\n<\/ul>\n","protected":false},"featured_media":1566,"comment_status":"open","ping_status":"closed","template":"","meta":{"spay_email":""},"_links":{"self":[{"href":"https:\/\/bebebadu.mx\/index.php\/wp-json\/wp\/v2\/product\/1564"}],"collection":[{"href":"https:\/\/bebebadu.mx\/index.php\/wp-json\/wp\/v2\/product"}],"about":[{"href":"https:\/\/bebebadu.mx\/index.php\/wp-json\/wp\/v2\/types\/product"}],"replies":[{"embeddable":true,"href":"https:\/\/bebebadu.mx\/index.php\/wp-json\/wp\/v2\/comments?post=1564"}],"wp:featuredmedia":[{"embeddable":true,"href":"https:\/\/bebebadu.mx\/index.php\/wp-json\/wp\/v2\/media\/1566"}],"wp:attachment":[{"href":"https:\/\/bebebadu.mx\/index.php\/wp-json\/wp\/v2\/media?parent=1564"}],"curies":[{"name":"wp","href":"https:\/\/api.w.org\/{rel}","templated":true}]}}