{"id":1541,"date":"2020-12-29T22:20:37","date_gmt":"2020-12-29T22:20:37","guid":{"rendered":"https:\/\/bebebadu.mx\/?post_type=product&#038;p=1541"},"modified":"2020-12-29T22:41:13","modified_gmt":"2020-12-29T22:41:13","slug":"conjunto-de-acrilan-liston","status":"publish","type":"product","link":"https:\/\/bebebadu.mx\/index.php\/producto\/conjunto-de-acrilan-liston\/","title":{"rendered":"Conjunto de Acril\u00e1n List\u00f3n"},"content":{"rendered":"","protected":false},"excerpt":{"rendered":"<p>Conjunto de 4 piezas tejido de acril\u00e1n, colores a elegir: Azul, Verde, Rosa, Beige, Caf\u00e9, consta de:<\/p>\n<ul>\n<li>1 chambra<\/li>\n<li>1 pantal\u00f3n<\/li>\n<li>1 par de zapatos<\/li>\n<li>1 bonete<\/li>\n<\/ul>\n","protected":false},"featured_media":1542,"comment_status":"open","ping_status":"closed","template":"","meta":{"spay_email":""},"_links":{"self":[{"href":"https:\/\/bebebadu.mx\/index.php\/wp-json\/wp\/v2\/product\/1541"}],"collection":[{"href":"https:\/\/bebebadu.mx\/index.php\/wp-json\/wp\/v2\/product"}],"about":[{"href":"https:\/\/bebebadu.mx\/index.php\/wp-json\/wp\/v2\/types\/product"}],"replies":[{"embeddable":true,"href":"https:\/\/bebebadu.mx\/index.php\/wp-json\/wp\/v2\/comments?post=1541"}],"wp:featuredmedia":[{"embeddable":true,"href":"https:\/\/bebebadu.mx\/index.php\/wp-json\/wp\/v2\/media\/1542"}],"wp:attachment":[{"href":"https:\/\/bebebadu.mx\/index.php\/wp-json\/wp\/v2\/media?parent=1541"}],"curies":[{"name":"wp","href":"https:\/\/api.w.org\/{rel}","templated":true}]}}