{"id":1492,"date":"2020-12-29T21:31:45","date_gmt":"2020-12-29T21:31:45","guid":{"rendered":"https:\/\/bebebadu.mx\/?post_type=product&#038;p=1492"},"modified":"2020-12-29T21:31:46","modified_gmt":"2020-12-29T21:31:46","slug":"frazada-extra-suave","status":"publish","type":"product","link":"https:\/\/bebebadu.mx\/index.php\/producto\/frazada-extra-suave\/","title":{"rendered":"Frazada Extra Suave"},"content":{"rendered":"","protected":false},"excerpt":{"rendered":"<ul>\n<li>Frazada de brazos<\/li>\n<li>Composici\u00f3n: 70% Poli\u00e9ster 30% Algod\u00f3n<\/li>\n<li>Medidas: 90 x 106 Cm.<\/li>\n<li>Estampado a elegir: Brillos, ZigZag, Calada.<\/li>\n<li>Colores a elegir: Rosa, Azul, Beige, Amarilla, Verde.<\/li>\n<\/ul>\n","protected":false},"featured_media":1495,"comment_status":"open","ping_status":"closed","template":"","meta":{"spay_email":""},"_links":{"self":[{"href":"https:\/\/bebebadu.mx\/index.php\/wp-json\/wp\/v2\/product\/1492"}],"collection":[{"href":"https:\/\/bebebadu.mx\/index.php\/wp-json\/wp\/v2\/product"}],"about":[{"href":"https:\/\/bebebadu.mx\/index.php\/wp-json\/wp\/v2\/types\/product"}],"replies":[{"embeddable":true,"href":"https:\/\/bebebadu.mx\/index.php\/wp-json\/wp\/v2\/comments?post=1492"}],"wp:featuredmedia":[{"embeddable":true,"href":"https:\/\/bebebadu.mx\/index.php\/wp-json\/wp\/v2\/media\/1495"}],"wp:attachment":[{"href":"https:\/\/bebebadu.mx\/index.php\/wp-json\/wp\/v2\/media?parent=1492"}],"curies":[{"name":"wp","href":"https:\/\/api.w.org\/{rel}","templated":true}]}}