{"id":1375,"date":"2020-12-20T03:50:58","date_gmt":"2020-12-20T03:50:58","guid":{"rendered":"https:\/\/bebebadu.mx\/?post_type=product&#038;p=1375"},"modified":"2021-01-01T22:47:18","modified_gmt":"2021-01-01T22:47:18","slug":"conjunto-2-piezas-oso-sueter-y-pants","status":"publish","type":"product","link":"https:\/\/bebebadu.mx\/index.php\/producto\/conjunto-2-piezas-oso-sueter-y-pants\/","title":{"rendered":"Conjunto 2 Piezas Oso (Su\u00e9ter y Pants)"},"content":{"rendered":"","protected":false},"excerpt":{"rendered":"<ul>\n<li>Composici\u00f3n: 50% Algod\u00f3n 50% Poli\u00e9ster.<\/li>\n<li>Talla a elegir: 9, 12, 18 meses<\/li>\n<li>Color a elegir: Gris, Rojo, Amarillo.<\/li>\n<\/ul>\n","protected":false},"featured_media":1376,"comment_status":"open","ping_status":"closed","template":"","meta":{"spay_email":""},"_links":{"self":[{"href":"https:\/\/bebebadu.mx\/index.php\/wp-json\/wp\/v2\/product\/1375"}],"collection":[{"href":"https:\/\/bebebadu.mx\/index.php\/wp-json\/wp\/v2\/product"}],"about":[{"href":"https:\/\/bebebadu.mx\/index.php\/wp-json\/wp\/v2\/types\/product"}],"replies":[{"embeddable":true,"href":"https:\/\/bebebadu.mx\/index.php\/wp-json\/wp\/v2\/comments?post=1375"}],"wp:featuredmedia":[{"embeddable":true,"href":"https:\/\/bebebadu.mx\/index.php\/wp-json\/wp\/v2\/media\/1376"}],"wp:attachment":[{"href":"https:\/\/bebebadu.mx\/index.php\/wp-json\/wp\/v2\/media?parent=1375"}],"curies":[{"name":"wp","href":"https:\/\/api.w.org\/{rel}","templated":true}]}}