{"id":1357,"date":"2020-12-20T03:38:18","date_gmt":"2020-12-20T03:38:18","guid":{"rendered":"https:\/\/bebebadu.mx\/?post_type=product&#038;p=1357"},"modified":"2020-12-27T02:00:03","modified_gmt":"2020-12-27T02:00:03","slug":"mameluco-coral-estampado-tallas-0-6-meses","status":"publish","type":"product","link":"https:\/\/bebebadu.mx\/index.php\/producto\/mameluco-coral-estampado-tallas-0-6-meses\/","title":{"rendered":"Mameluco Coral Estampado Tallas 0-6 Meses"},"content":{"rendered":"","protected":false},"excerpt":{"rendered":"<ul>\n<li>Mameluco Tela Coral<\/li>\n<li>Composici\u00f3n: 50% Algod\u00f3n 50% Poli\u00e9ster<\/li>\n<li>Talla a elegir: 0,3,6 meses<\/li>\n<li>Estampado: Estrellas blancas.<\/li>\n<li>Color a elegir: Azul, Rosa, Verde, Amarillo, Beige.<\/li>\n<\/ul>\n","protected":false},"featured_media":1358,"comment_status":"open","ping_status":"closed","template":"","meta":{"spay_email":""},"_links":{"self":[{"href":"https:\/\/bebebadu.mx\/index.php\/wp-json\/wp\/v2\/product\/1357"}],"collection":[{"href":"https:\/\/bebebadu.mx\/index.php\/wp-json\/wp\/v2\/product"}],"about":[{"href":"https:\/\/bebebadu.mx\/index.php\/wp-json\/wp\/v2\/types\/product"}],"replies":[{"embeddable":true,"href":"https:\/\/bebebadu.mx\/index.php\/wp-json\/wp\/v2\/comments?post=1357"}],"wp:featuredmedia":[{"embeddable":true,"href":"https:\/\/bebebadu.mx\/index.php\/wp-json\/wp\/v2\/media\/1358"}],"wp:attachment":[{"href":"https:\/\/bebebadu.mx\/index.php\/wp-json\/wp\/v2\/media?parent=1357"}],"curies":[{"name":"wp","href":"https:\/\/api.w.org\/{rel}","templated":true}]}}