{"id":1341,"date":"2020-12-20T03:07:41","date_gmt":"2020-12-20T03:07:41","guid":{"rendered":"https:\/\/bebebadu.mx\/?post_type=product&#038;p=1341"},"modified":"2020-12-27T01:57:53","modified_gmt":"2020-12-27T01:57:53","slug":"pantalon-con-pie","status":"publish","type":"product","link":"https:\/\/bebebadu.mx\/index.php\/producto\/pantalon-con-pie\/","title":{"rendered":"Pantal\u00f3n con pie"},"content":{"rendered":"","protected":false},"excerpt":{"rendered":"<ul>\n<li>Composici\u00f3n: 60% Algod\u00f3n 40% Poli\u00e9ster.<\/li>\n<li>El pantal\u00f3n con pie ayuda a mantener los pies del beb\u00e9 calientitos.<\/li>\n<li>Color a elegir: Blanco, Azul, Rosa, Amarillo, Verde Agua, Beige, Verde Lim\u00f3n.<\/li>\n<\/ul>\n","protected":false},"featured_media":1342,"comment_status":"open","ping_status":"closed","template":"","meta":{"spay_email":""},"_links":{"self":[{"href":"https:\/\/bebebadu.mx\/index.php\/wp-json\/wp\/v2\/product\/1341"}],"collection":[{"href":"https:\/\/bebebadu.mx\/index.php\/wp-json\/wp\/v2\/product"}],"about":[{"href":"https:\/\/bebebadu.mx\/index.php\/wp-json\/wp\/v2\/types\/product"}],"replies":[{"embeddable":true,"href":"https:\/\/bebebadu.mx\/index.php\/wp-json\/wp\/v2\/comments?post=1341"}],"wp:featuredmedia":[{"embeddable":true,"href":"https:\/\/bebebadu.mx\/index.php\/wp-json\/wp\/v2\/media\/1342"}],"wp:attachment":[{"href":"https:\/\/bebebadu.mx\/index.php\/wp-json\/wp\/v2\/media?parent=1341"}],"curies":[{"name":"wp","href":"https:\/\/api.w.org\/{rel}","templated":true}]}}