{"id":1297,"date":"2020-12-06T02:26:18","date_gmt":"2020-12-06T02:26:18","guid":{"rendered":"https:\/\/bebebadu.mx\/?post_type=product&#038;p=1297"},"modified":"2020-12-27T01:55:53","modified_gmt":"2020-12-27T01:55:53","slug":"playera-cuello-ruso","status":"publish","type":"product","link":"https:\/\/bebebadu.mx\/index.php\/producto\/playera-cuello-ruso\/","title":{"rendered":"Playera Cuello Ruso"},"content":{"rendered":"","protected":false},"excerpt":{"rendered":"<ul>\n<li>Composici\u00f3n: 60% Algod\u00f3n 40% Poli\u00e9ster.<\/li>\n<li>Talla: 0 meses (reci\u00e9n nacido), 1-3 meses y 4 meses<\/li>\n<li>Color a elegir: Blanco, Azul, Rosa, Amarillo, Verde Agua, Beige, Verde Lim\u00f3n.<\/li>\n<\/ul>\n","protected":false},"featured_media":1298,"comment_status":"open","ping_status":"closed","template":"","meta":{"spay_email":""},"_links":{"self":[{"href":"https:\/\/bebebadu.mx\/index.php\/wp-json\/wp\/v2\/product\/1297"}],"collection":[{"href":"https:\/\/bebebadu.mx\/index.php\/wp-json\/wp\/v2\/product"}],"about":[{"href":"https:\/\/bebebadu.mx\/index.php\/wp-json\/wp\/v2\/types\/product"}],"replies":[{"embeddable":true,"href":"https:\/\/bebebadu.mx\/index.php\/wp-json\/wp\/v2\/comments?post=1297"}],"wp:featuredmedia":[{"embeddable":true,"href":"https:\/\/bebebadu.mx\/index.php\/wp-json\/wp\/v2\/media\/1298"}],"wp:attachment":[{"href":"https:\/\/bebebadu.mx\/index.php\/wp-json\/wp\/v2\/media?parent=1297"}],"curies":[{"name":"wp","href":"https:\/\/api.w.org\/{rel}","templated":true}]}}