{"id":1101,"date":"2020-09-13T18:57:13","date_gmt":"2020-09-13T18:57:13","guid":{"rendered":"https:\/\/bebebadu.mx\/?post_type=product&#038;p=1101"},"modified":"2020-12-27T01:52:27","modified_gmt":"2020-12-27T01:52:27","slug":"playera-manga-corta-0","status":"publish","type":"product","link":"https:\/\/bebebadu.mx\/index.php\/producto\/playera-manga-corta-0\/","title":{"rendered":"Playera Manga Corta- Talla 0"},"content":{"rendered":"","protected":false},"excerpt":{"rendered":"<ul>\n<li>Composici\u00f3n: 60% Algod\u00f3n 40% Poli\u00e9ster.<\/li>\n<li>Talla 0 meses (reci\u00e9n nacido)<\/li>\n<li>Color a elegir: Blanco, Azul, Rosa, Amarillo, Verde Agua, Beige, Verde Lim\u00f3n.<\/li>\n<\/ul>\n","protected":false},"featured_media":1244,"comment_status":"open","ping_status":"closed","template":"","meta":{"spay_email":""},"_links":{"self":[{"href":"https:\/\/bebebadu.mx\/index.php\/wp-json\/wp\/v2\/product\/1101"}],"collection":[{"href":"https:\/\/bebebadu.mx\/index.php\/wp-json\/wp\/v2\/product"}],"about":[{"href":"https:\/\/bebebadu.mx\/index.php\/wp-json\/wp\/v2\/types\/product"}],"replies":[{"embeddable":true,"href":"https:\/\/bebebadu.mx\/index.php\/wp-json\/wp\/v2\/comments?post=1101"}],"wp:featuredmedia":[{"embeddable":true,"href":"https:\/\/bebebadu.mx\/index.php\/wp-json\/wp\/v2\/media\/1244"}],"wp:attachment":[{"href":"https:\/\/bebebadu.mx\/index.php\/wp-json\/wp\/v2\/media?parent=1101"}],"curies":[{"name":"wp","href":"https:\/\/api.w.org\/{rel}","templated":true}]}}