{"id":1100,"date":"2020-09-13T18:55:25","date_gmt":"2020-09-13T18:55:25","guid":{"rendered":"https:\/\/bebebadu.mx\/?post_type=product&#038;p=1100"},"modified":"2020-12-27T01:52:12","modified_gmt":"2020-12-27T01:52:12","slug":"camiseta-sencilla","status":"publish","type":"product","link":"https:\/\/bebebadu.mx\/index.php\/producto\/camiseta-sencilla\/","title":{"rendered":"Camiseta sencilla"},"content":{"rendered":"","protected":false},"excerpt":{"rendered":"<ul>\n<li>Composici\u00f3n: 60% Algod\u00f3n 40% Poli\u00e9ster.<\/li>\n<li>Talla 0 meses (reci\u00e9n nacido), 1 a 3 meses y 4 meses.<\/li>\n<li>Color a elegir: Blanco, Azul, Rosa, Amarillo, Verde Agua, Beige, Verde Lim\u00f3n. Estampado a elegir: Puntitos,<\/li>\n<\/ul>\n","protected":false},"featured_media":1223,"comment_status":"open","ping_status":"closed","template":"","meta":{"spay_email":""},"_links":{"self":[{"href":"https:\/\/bebebadu.mx\/index.php\/wp-json\/wp\/v2\/product\/1100"}],"collection":[{"href":"https:\/\/bebebadu.mx\/index.php\/wp-json\/wp\/v2\/product"}],"about":[{"href":"https:\/\/bebebadu.mx\/index.php\/wp-json\/wp\/v2\/types\/product"}],"replies":[{"embeddable":true,"href":"https:\/\/bebebadu.mx\/index.php\/wp-json\/wp\/v2\/comments?post=1100"}],"wp:featuredmedia":[{"embeddable":true,"href":"https:\/\/bebebadu.mx\/index.php\/wp-json\/wp\/v2\/media\/1223"}],"wp:attachment":[{"href":"https:\/\/bebebadu.mx\/index.php\/wp-json\/wp\/v2\/media?parent=1100"}],"curies":[{"name":"wp","href":"https:\/\/api.w.org\/{rel}","templated":true}]}}